{"id":2833,"date":"2025-07-07T11:31:59","date_gmt":"2025-07-07T09:31:59","guid":{"rendered":"https:\/\/staging.monavisa.be\/a-propos-de-nous\/"},"modified":"2026-04-21T11:54:54","modified_gmt":"2026-04-21T09:54:54","slug":"a-propos-de-nous","status":"publish","type":"page","link":"https:\/\/staging.monavisa.be\/fr\/a-propos-de-nous\/","title":{"rendered":"\u00c0 propos de nous"},"content":{"rendered":"<!--\n    Title: Hero\n-->\n\n\n<section class=\"gc-hero\" x-data=\"hero\">\n    <!--\n    Title: Container\n    Mode: preview\n    SupportsJSX: true\n    Blueprint: false\n-->\n\n\n<div class=\"gc-container gc-container--has-margin gc-hero__container\">\n    <div class=\"gc-breadcrumbs gc-hero__breadcrumbs\">\n    <nav aria-label=\"breadcrumbs\" class=\"rank-math-breadcrumb\"><p><span class=\"last\">Monavisa<\/span><\/p><\/nav><\/div>\n                <div class=\"gc-hero__columnns\">\n            <div class=\"gc-hero__slider splide\" x-ref=\"slider\">\n                <div class=\"gc-hero__track splide__track\">\n                    <ul class=\"splide__list\">\n                                                    <li class=\"splide__slide\">\n                                <img fetchpriority=\"high\" width=\"1154\" height=\"768\" src=\"https:\/\/staging.monavisa.be\/wp-content\/uploads\/FrancisRiet-Roularta-Roeselare-Gemiddeld.jpg\" class=\"gc-hero__image\" alt=\"\" loading=\"eager\" decoding=\"sync\" srcset=\"https:\/\/staging.monavisa.be\/wp-content\/uploads\/FrancisRiet-Roularta-Roeselare-Gemiddeld.jpg 1154w, https:\/\/staging.monavisa.be\/wp-content\/uploads\/FrancisRiet-Roularta-Roeselare-Gemiddeld-300x200.jpg 300w, https:\/\/staging.monavisa.be\/wp-content\/uploads\/FrancisRiet-Roularta-Roeselare-Gemiddeld-1024x681.jpg 1024w, https:\/\/staging.monavisa.be\/wp-content\/uploads\/FrancisRiet-Roularta-Roeselare-Gemiddeld-768x511.jpg 768w\" sizes=\"(max-width: 1154px) 100vw, 1154px\" \/>                            <\/li>\n                                            <\/ul>\n                <\/div>\n                \n            <\/div>\n            <div class=\"gc-hero__content\">\n                <h1 class=\"gc-hero__title\">\n                    \u00c0 propos de nous  \n                <\/h1>\n                <div class=\"gc-hero__description\">\n                    <p>MonaVisa est le <strong>leader en Belgique<\/strong> et un pionnier <strong>des rev\u00eatements muraux et de plafond en polyester<\/strong> appliqu\u00e9s \u00e0 froid depuis 2004. Fond\u00e9e en 2004 par Peter Valcke, visionnaire, MonaVisa est n\u00e9e de la conviction que le produit poss\u00e8de des qualit\u00e9s exceptionnelles et offre une exp\u00e9rience globale alliant design, s\u00e9curit\u00e9 et sant\u00e9.  <\/p>\n<p>En 2021, Francis De Nolf et Riet De Brauwer ont acquis la majorit\u00e9 des parts de l&rsquo;entreprise. Avec l&rsquo;arriv\u00e9e de la famille De Nolf, MonaVisa ambitionne de d\u00e9velopper la commercialisation de son rev\u00eatement mural et de plafond en polyester appliqu\u00e9 \u00e0 froid, pr\u00e9sent\u00e9 comme une <strong>solution de finition polyvalente, durable et cr\u00e9ative pour le b\u00e2timent<\/strong> . <\/p>\n\n                <\/div>\n                                    <div class=\"gc-hero__buttons\">\n                                                    <a\n        href=\"https:\/\/staging.monavisa.be\/fr\/contact\/\" class=\"gc-button\">\n        \n                    Contactez-nous\n                            <svg class='gc-button__icon' width=\"12\" height=\"12\" viewBox=\"0 0 12 12\" fill=\"none\" xmlns=\"http:\/\/www.w3.org\/2000\/svg\">\n  <path d=\"M0 0H12V12H11V1H0V0Z\" fill=\"white\"\/>\n  <path d=\"M12 0L6 6L0 12\" stroke=\"white\"\/>\n<\/svg>\n            <\/a>\n                                                    <\/div>\n                            <\/div>\n        <\/div>\n<\/div>\n<\/section>\n\n\n<!--\n    Title: Steps\n-->\n<section class=\"gc-steps\">\n    <!--\n    Title: Container\n    Mode: preview\n    SupportsJSX: true\n    Blueprint: false\n-->\n\n\n<div class=\"gc-container gc-container--has-margin gc-container--small gc-steps__container\">\n    <div class=\"gc-steps__item\">\n                <div class=\"gc-steps__number\">01.<\/div>\n                <div class=\"gc-steps__title h4\">Citation<\/div>\n                <div><p>Apr\u00e8s avoir effectu\u00e9 les mesures sur place ou \u00e0 partir d&rsquo;un plan d&rsquo;\u00e9tage re\u00e7u, nous \u00e9tablirons un devis sans engagement.<\/p>\n<\/div>\n            <\/div>\n                    <div class=\"gc-steps__item\">\n                <div class=\"gc-steps__number\">02.<\/div>\n                <div class=\"gc-steps__title h4\">Planification<\/div>\n                <div><p>Le plan MonaVisa aide nos ing\u00e9nieurs et chefs de projet \u00e0 coordonner leurs actions avec tous les sous-traitants sur le chantier, en concertation avec l&rsquo;architecte. Cela permet d&rsquo;\u00e9viter les improvisations et de garantir le respect des d\u00e9lais et l&rsquo;obtention du r\u00e9sultat escompt\u00e9.<\/p>\n<\/div>\n            <\/div>\n                    <div class=\"gc-steps__item\">\n                <div class=\"gc-steps__number\">03.<\/div>\n                <div class=\"gc-steps__title h4\">Plan de pr\u00e9paration et instructions<\/div>\n                <div><p>Le plan de l&rsquo;architecte est enrichi dans AutoCAD d&rsquo;un plan d&rsquo;\u00e9clairage, de nos canevas, de coupes, de techniques et de d\u00e9tails esth\u00e9tiques. Rien n&rsquo;est laiss\u00e9 au hasard.<\/p>\n<\/div>\n            <\/div>\n                    <div class=\"gc-steps__item\">\n                <div class=\"gc-steps__number\">04.<\/div>\n                <div class=\"gc-steps__title h4\">Pr\u00e9paration en studio<\/div>\n                <div><p>Toutes les menuiseries sont r\u00e9alis\u00e9es avec soin dans notre atelier, avec une attention m\u00e9ticuleuse port\u00e9e aux d\u00e9tails. Les nouveaux mod\u00e8les d&rsquo;\u00e9clairage sont test\u00e9s au pr\u00e9alable. Cela nous permet de travailler efficacement, en minimisant les d\u00e9lais, les impr\u00e9vus et la quantit\u00e9 de sciure sur le chantier.<\/p>\n<\/div>\n            <\/div>\n                    <div class=\"gc-steps__item\">\n                <div class=\"gc-steps__number\">05.<\/div>\n                <div class=\"gc-steps__title h4\">Assembl\u00e9e<\/div>\n                <div><p>Avec une pr\u00e9cision chirurgicale et une finition haut de gamme\u00a0: 20 artisans, dont beaucoup poss\u00e8dent 10 \u00e0 15 ans d\u2019exp\u00e9rience, qui apportent un souci du d\u00e9tail m\u00e9ticuleux et une tranquillit\u00e9 intemporelle \u00e0 travers toute la Belgique.<\/p>\n<\/div>\n            <\/div>\n                    <div class=\"gc-steps__item\">\n                <div class=\"gc-steps__number\">06.<\/div>\n                <div class=\"gc-steps__title h4\">Finition haut de gamme<\/div>\n                <div><p class=\"p1\">La perfection sensorielle se niche dans chaque d\u00e9tail : techniques textiles et picturales sur mesure, enceintes invisibles, kits de pl\u00e2tre trimless, portes coulissantes dissimul\u00e9es, ventilation encastr\u00e9e et syst\u00e8mes d\u2019accrochage int\u00e9gr\u00e9s.<\/p>\n<\/div>\n            <\/div>\n                    <div class=\"gc-steps__item\">\n                <div class=\"gc-steps__number\">07.<\/div>\n                <div class=\"gc-steps__title h4\">R\u00e9sultat<\/div>\n                <div><p>Le r\u00e9sultat est un design d&rsquo;une qualit\u00e9 exceptionnelle, qui d\u00e9gage une force silencieuse. Et ce clin d&rsquo;\u0153il complice, vous ne l&rsquo;oublierez jamais.<\/p>\n<\/div>\n            <\/div>\n                    <div class=\"gc-steps__item\">\n                <div class=\"gc-steps__number\">08.<\/div>\n                <div class=\"gc-steps__title h4\">Enqu\u00eate de satisfaction<\/div>\n                <div><p>Une fois les travaux termin\u00e9s, nous envoyons \u00e0 chaque client un questionnaire de satisfaction. Ce questionnaire comporte quelques questions sur les travaux effectu\u00e9s, ce qui nous permet d&rsquo;am\u00e9liorer constamment nos services.<\/p>\n<\/div>\n            <\/div>\n<\/div>\n<\/section>\n\n\n<!--\n    Title: Content with visual\n-->\n\n\n<section class=\"gc-cwv gc-cwv--is-reversed gc-cwv--narrow\">\n    <!--\n    Title: Container\n    Mode: preview\n    SupportsJSX: true\n    Blueprint: false\n-->\n\n\n<div class=\"gc-container gc-container--has-margin gc-container--small gc-cwv__container\">\n    <div class=\"gc-cwv__first-column\">\n            <figure class=\"gc-cwv__image-wrapper\">\n            <img loading=\"lazy\" decoding=\"async\" width=\"1024\" height=\"683\" src=\"https:\/\/staging.monavisa.be\/wp-content\/uploads\/Demasure_Monavisa-portraits-web01-1024x683.jpg\" class=\"gc-cwv__image\" alt=\"\" data-no-lazy=\"\" srcset=\"https:\/\/staging.monavisa.be\/wp-content\/uploads\/Demasure_Monavisa-portraits-web01-1024x683.jpg 1024w, https:\/\/staging.monavisa.be\/wp-content\/uploads\/Demasure_Monavisa-portraits-web01-300x200.jpg 300w, https:\/\/staging.monavisa.be\/wp-content\/uploads\/Demasure_Monavisa-portraits-web01-768x512.jpg 768w, https:\/\/staging.monavisa.be\/wp-content\/uploads\/Demasure_Monavisa-portraits-web01-1536x1025.jpg 1536w, https:\/\/staging.monavisa.be\/wp-content\/uploads\/Demasure_Monavisa-portraits-web01-1920x1281.jpg 1920w, https:\/\/staging.monavisa.be\/wp-content\/uploads\/Demasure_Monavisa-portraits-web01.jpg 2048w\" sizes=\"auto, (max-width: 1024px) 100vw, 1024px\" \/>        <\/figure>\n            <\/div>\n        <div class=\"gc-cwv__second-column\">\n            <h2 class=\"gc-cwv__title h2 gc-cwv__title--small\">\n\t\tDes r\u00e9f\u00e9rences en mati\u00e8re de rev\u00eatements muraux et de plafonds \u00e0 une exp\u00e9rience sur mesure.\n\t<\/h2>    <div class=\"gc-cwv__text\">\n        \n    <\/div>\n                <\/div>\n<\/div>\n<\/section>\n\n\n<!--\n    Title: Certificates\n-->\n\n\n<section class=\"gc-certificates\">\n    <!--\n    Title: Container\n    Mode: preview\n    SupportsJSX: true\n    Blueprint: false\n-->\n\n\n<div class=\"gc-container gc-container--has-margin\">\n    <div class=\"gc-certificates__wrapper\">\n            <div>\n                <h2 class=\"h3\">\n                    Certificats\n                <\/h2>\n                <div class=\"gc-certificates__description\">\n                    <p>MonaVisa utilise uniquement des produits conformes \u00e0 toutes les normes de s\u00e9curit\u00e9 afin que votre installation puisse \u00eatre r\u00e9alis\u00e9e dans le respect des normes.<\/p>\n\n                <\/div>\n            <\/div>\n            <a\n        href=\"https:\/\/staging.monavisa.be\/fr\/certificats\/\" class=\"gc-button gc-button--transparent gc-certificates__button\">\n                    Voir plus\n        \n                    <svg class='gc-button__icon' width=\"12\" height=\"12\" viewBox=\"0 0 12 12\" fill=\"none\" xmlns=\"http:\/\/www.w3.org\/2000\/svg\">\n  <path d=\"M0 0H12V12H11V1H0V0Z\" fill=\"white\"\/>\n  <path d=\"M12 0L6 6L0 12\" stroke=\"white\"\/>\n<\/svg>\n            <\/a>\n                <\/div>\n        <div class=\"gc-certificates__logos\">\n                            <img loading=\"lazy\" decoding=\"async\" width=\"300\" height=\"300\" src=\"https:\/\/staging.monavisa.be\/wp-content\/uploads\/Tekengebied-1@4x-100-300x300.jpg\" class=\"gc-certificates__logo\" alt=\"\" srcset=\"https:\/\/staging.monavisa.be\/wp-content\/uploads\/Tekengebied-1@4x-100-300x300.jpg 300w, https:\/\/staging.monavisa.be\/wp-content\/uploads\/Tekengebied-1@4x-100-1024x1024.jpg 1024w, https:\/\/staging.monavisa.be\/wp-content\/uploads\/Tekengebied-1@4x-100-150x150.jpg 150w, https:\/\/staging.monavisa.be\/wp-content\/uploads\/Tekengebied-1@4x-100-768x769.jpg 768w, https:\/\/staging.monavisa.be\/wp-content\/uploads\/Tekengebied-1@4x-100.jpg 1308w\" sizes=\"auto, (max-width: 300px) 100vw, 300px\" \/>                            <img loading=\"lazy\" decoding=\"async\" width=\"120\" height=\"120\" src=\"https:\/\/staging.monavisa.be\/wp-content\/uploads\/image-37.jpg\" class=\"gc-certificates__logo\" alt=\"\" \/>                            <img loading=\"lazy\" decoding=\"async\" width=\"120\" height=\"120\" src=\"https:\/\/staging.monavisa.be\/wp-content\/uploads\/image-36.jpg\" class=\"gc-certificates__logo\" alt=\"\" \/>                            <img loading=\"lazy\" decoding=\"async\" width=\"120\" height=\"120\" src=\"https:\/\/staging.monavisa.be\/wp-content\/uploads\/image-35.jpg\" class=\"gc-certificates__logo\" alt=\"\" \/>                            <img loading=\"lazy\" decoding=\"async\" width=\"120\" height=\"120\" src=\"https:\/\/staging.monavisa.be\/wp-content\/uploads\/image-34.jpg\" class=\"gc-certificates__logo\" alt=\"\" \/>                            <img loading=\"lazy\" decoding=\"async\" width=\"120\" height=\"120\" src=\"https:\/\/staging.monavisa.be\/wp-content\/uploads\/image-33.jpg\" class=\"gc-certificates__logo\" alt=\"\" \/>                    <\/div>\n<\/div>\n<\/section>\n\n\n<!--\n    Title: Call To Action\n-->\n<section class=\"gc-cta\">\n    <!--\n    Title: Container\n    Mode: preview\n    SupportsJSX: true\n    Blueprint: false\n-->\n\n\n<div class=\"gc-container gc-container--small gc-cta__container gc-cta__container--left\">\n    <div class=\"gc-cta__wrapper\">\n            <h2 class=\"gc-cta__title\">\n                L&#039;exp\u00e9rience MonaVisa est essentielle.\n            <\/h2>\n            <div class=\"gc-cta__content\">\n                <p>Chez MonaVisa, design, \u00e9clairage, acoustique, sonorisation, ventilation et climatisation s&rsquo;harmonisent pour cr\u00e9er une exp\u00e9rience compl\u00e8te et personnalis\u00e9e. Tendance, \u00e9l\u00e9gante ou zen, MonaVisa con\u00e7oit l&rsquo;espace qui r\u00e9pond parfaitement \u00e0 vos besoins. Architectes et d\u00e9corateurs d&rsquo;int\u00e9rieur peuvent int\u00e9grer ces \u00e9l\u00e9ments ou les contraster avec d&rsquo;autres mat\u00e9riaux au sein du concept cr\u00e9\u00e9.  <\/p>\n<p>L&rsquo;acoustique est devenue un \u00e9l\u00e9ment cl\u00e9 de l&rsquo;exp\u00e9rience MonaVisa. Elle est essentielle car elle \u00e9limine les distractions pour les visiteurs. La voix humaine, en particulier, peut constituer une source de nuisance sonore en raison de sa fr\u00e9quence porteuse.  <\/p>\n<p>Dans les espaces int\u00e9rieurs o\u00f9 se rassemblent de nombreuses personnes, souvent avec des mat\u00e9riaux durs, les ondes sonores continuent de se r\u00e9fl\u00e9chir, provoquant des maux de t\u00eate et des difficult\u00e9s de concentration. C&rsquo;est pourquoi MonaVisa a cherch\u00e9 \u00e0 proposer des services encore plus complets. <\/p>\n\n            <\/div>\n                    <\/div>\n        <div>\n            <div class=\"gc-cta__images-wrapper\">\n                <img loading=\"lazy\" decoding=\"async\" width=\"1024\" height=\"683\" src=\"https:\/\/staging.monavisa.be\/wp-content\/uploads\/Demasure_Monavisa-bedrijfsreportage-web50-1024x683.jpg\" class=\"gc-cta__image\" alt=\"\" srcset=\"https:\/\/staging.monavisa.be\/wp-content\/uploads\/Demasure_Monavisa-bedrijfsreportage-web50-1024x683.jpg 1024w, https:\/\/staging.monavisa.be\/wp-content\/uploads\/Demasure_Monavisa-bedrijfsreportage-web50-300x200.jpg 300w, https:\/\/staging.monavisa.be\/wp-content\/uploads\/Demasure_Monavisa-bedrijfsreportage-web50-768x512.jpg 768w, https:\/\/staging.monavisa.be\/wp-content\/uploads\/Demasure_Monavisa-bedrijfsreportage-web50-1536x1025.jpg 1536w, https:\/\/staging.monavisa.be\/wp-content\/uploads\/Demasure_Monavisa-bedrijfsreportage-web50-1920x1281.jpg 1920w, https:\/\/staging.monavisa.be\/wp-content\/uploads\/Demasure_Monavisa-bedrijfsreportage-web50.jpg 2048w\" sizes=\"auto, (max-width: 1024px) 100vw, 1024px\" \/>            <\/div>\n        <\/div>\n<\/div>\n<\/section>\n\n\n<!--\n    Title: Content with visual\n-->\n\n\n<section class=\"gc-cwv gc-cwv--is-reversed gc-cwv--narrow\">\n    <!--\n    Title: Container\n    Mode: preview\n    SupportsJSX: true\n    Blueprint: false\n-->\n\n\n<div class=\"gc-container gc-container--has-margin gc-container--small gc-cwv__container\">\n    <div class=\"gc-cwv__first-column\">\n            <figure class=\"gc-cwv__image-wrapper\">\n            <img loading=\"lazy\" decoding=\"async\" width=\"1024\" height=\"683\" src=\"https:\/\/staging.monavisa.be\/wp-content\/uploads\/Demasure_Monavisa-bedrijfsreportage-web39-1024x683.jpg\" class=\"gc-cwv__image\" alt=\"\" data-no-lazy=\"\" srcset=\"https:\/\/staging.monavisa.be\/wp-content\/uploads\/Demasure_Monavisa-bedrijfsreportage-web39-1024x683.jpg 1024w, https:\/\/staging.monavisa.be\/wp-content\/uploads\/Demasure_Monavisa-bedrijfsreportage-web39-300x200.jpg 300w, https:\/\/staging.monavisa.be\/wp-content\/uploads\/Demasure_Monavisa-bedrijfsreportage-web39-768x512.jpg 768w, https:\/\/staging.monavisa.be\/wp-content\/uploads\/Demasure_Monavisa-bedrijfsreportage-web39-1536x1025.jpg 1536w, https:\/\/staging.monavisa.be\/wp-content\/uploads\/Demasure_Monavisa-bedrijfsreportage-web39-1920x1281.jpg 1920w, https:\/\/staging.monavisa.be\/wp-content\/uploads\/Demasure_Monavisa-bedrijfsreportage-web39.jpg 2048w\" sizes=\"auto, (max-width: 1024px) 100vw, 1024px\" \/>        <\/figure>\n            <\/div>\n        <div class=\"gc-cwv__second-column\">\n            <h2 class=\"gc-cwv__title h2 gc-cwv__title--small\">\n\t\tL&#039;avenir est une exp\u00e9rience et il est num\u00e9rique.\n\t<\/h2>    <div class=\"gc-cwv__text\">\n        <p>MonaVisa poursuit sa croissance et son d\u00e9veloppement. L&rsquo;\u00e9quipe compte d\u00e9sormais une trentaine de professionnels exp\u00e9riment\u00e9s, anim\u00e9s par une vision claire. Que vous recherchiez des conseils personnalis\u00e9s ou une exp\u00e9rience sur mesure, vous pouvez toujours compter sur notre expertise et notre accueil chaleureux.  <\/p>\n<p>\u00cates-vous architecte, acousticien, ind\u00e9pendant, professionnel de la sant\u00e9, repr\u00e9sentant d&rsquo;une administration, chef d&rsquo;entreprise ou particulier&nbsp;? Nous serions ravis de vous accueillir dans nos showrooms de Roulers et Hasselt pour vous faire d\u00e9couvrir les possibilit\u00e9s infinies de nos rev\u00eatements muraux et de plafond&nbsp;! <\/p>\n<p>Nous avons d\u00e9j\u00e0 r\u00e9alis\u00e9 plus de 1 000 projets sous la devise \u00ab Branch\u00e9, \u00e9l\u00e9gant ou compl\u00e8tement zen, nous cr\u00e9ons l&rsquo;exp\u00e9rience qui vous convient le mieux ! \u00bb<\/p>\n\n    <\/div>\n            <div class=\"gc-cwv__buttons\">\n                            <a\n        href=\"https:\/\/staging.monavisa.be\/fr\/emplois\/\" class=\"gc-button gc-button--light\">\n                    Emplois\n        \n                    <svg class='gc-button__icon' width=\"12\" height=\"12\" viewBox=\"0 0 12 12\" fill=\"none\" xmlns=\"http:\/\/www.w3.org\/2000\/svg\">\n  <path d=\"M0 0H12V12H11V1H0V0Z\" fill=\"white\"\/>\n  <path d=\"M12 0L6 6L0 12\" stroke=\"white\"\/>\n<\/svg>\n            <\/a>\n                            <\/div>\n                <\/div>\n<\/div>\n<\/section>\n\n\n<!--\n    Title: Content with visual\n-->\n\n\n<section class=\"gc-cwv\">\n    <!--\n    Title: Container\n    Mode: preview\n    SupportsJSX: true\n    Blueprint: false\n-->\n\n\n<div class=\"gc-container gc-container--has-margin gc-cwv__container\">\n    <div class=\"gc-cwv__first-column\">\n            <figure class=\"gc-cwv__image-wrapper\">\n            <img loading=\"lazy\" decoding=\"async\" width=\"1024\" height=\"683\" src=\"https:\/\/staging.monavisa.be\/wp-content\/uploads\/Demasure_Monavisa-bedrijfsreportage-web44-1024x683.jpg\" class=\"gc-cwv__image\" alt=\"\" data-no-lazy=\"\" srcset=\"https:\/\/staging.monavisa.be\/wp-content\/uploads\/Demasure_Monavisa-bedrijfsreportage-web44-1024x683.jpg 1024w, https:\/\/staging.monavisa.be\/wp-content\/uploads\/Demasure_Monavisa-bedrijfsreportage-web44-300x200.jpg 300w, https:\/\/staging.monavisa.be\/wp-content\/uploads\/Demasure_Monavisa-bedrijfsreportage-web44-768x512.jpg 768w, https:\/\/staging.monavisa.be\/wp-content\/uploads\/Demasure_Monavisa-bedrijfsreportage-web44-1536x1025.jpg 1536w, https:\/\/staging.monavisa.be\/wp-content\/uploads\/Demasure_Monavisa-bedrijfsreportage-web44-1920x1281.jpg 1920w, https:\/\/staging.monavisa.be\/wp-content\/uploads\/Demasure_Monavisa-bedrijfsreportage-web44.jpg 2048w\" sizes=\"auto, (max-width: 1024px) 100vw, 1024px\" \/>        <\/figure>\n            <\/div>\n        <div class=\"gc-cwv__second-column\">\n            <h2 class=\"gc-cwv__title h2\">\n\t\tObtenez d\u00e8s maintenant votre devis personnalis\u00e9 gratuit.\n\t<\/h2>    <div class=\"gc-cwv__text gc-cwv__text--short\">\n        <p>Chaque espace est unique. Nous sommes heureux de vous aider \u00e0 trouver la solution acoustique et esth\u00e9tique id\u00e9ale pour votre int\u00e9rieur. <\/p>\n\n    <\/div>\n            <div class=\"gc-cwv__buttons\">\n                            <a\n        href=\"https:\/\/staging.monavisa.be\/fr\/demander-un-devis\/\" class=\"gc-button gc-button--regular\">\n                    Demander un devis\n        \n                    <svg class='gc-button__icon' width=\"12\" height=\"12\" viewBox=\"0 0 12 12\" fill=\"none\" xmlns=\"http:\/\/www.w3.org\/2000\/svg\">\n  <path d=\"M0 0H12V12H11V1H0V0Z\" fill=\"white\"\/>\n  <path d=\"M12 0L6 6L0 12\" stroke=\"white\"\/>\n<\/svg>\n            <\/a>\n                                    <a\n        href=\"https:\/\/staging.monavisa.be\/fr\/contact\/\" class=\"gc-button gc-button--grey gc-button--regular\">\n                    Contactez-nous\n        \n            <\/a>\n                            <\/div>\n                <\/div>\n<\/div>\n<\/section>\n\n\n<!--\n    Title: Content with visual\n-->\n\n\n<section class=\"gc-cwv gc-cwv--narrow gc-cwv--flip-columns-proportions\">\n    <!--\n    Title: Container\n    Mode: preview\n    SupportsJSX: true\n    Blueprint: false\n-->\n\n\n<div class=\"gc-container gc-container--has-margin gc-container--small gc-cwv__container\">\n    <div class=\"gc-cwv__first-column\">\n            <figure class=\"gc-cwv__image-wrapper\">\n            <img loading=\"lazy\" decoding=\"async\" width=\"1024\" height=\"1024\" src=\"https:\/\/staging.monavisa.be\/wp-content\/uploads\/Zelf-berekenen-hoe-groot-je-akoestisch-spanplafond-of-akoestische-wand-moet-zijn-Geef-je-parameters-in-en-ontdek-de-best-mogelijke-nagalm-voor-jouw-project-2-1024x1024.png\" class=\"gc-cwv__image\" alt=\"\" data-no-lazy=\"\" srcset=\"https:\/\/staging.monavisa.be\/wp-content\/uploads\/Zelf-berekenen-hoe-groot-je-akoestisch-spanplafond-of-akoestische-wand-moet-zijn-Geef-je-parameters-in-en-ontdek-de-best-mogelijke-nagalm-voor-jouw-project-2-1024x1024.png 1024w, https:\/\/staging.monavisa.be\/wp-content\/uploads\/Zelf-berekenen-hoe-groot-je-akoestisch-spanplafond-of-akoestische-wand-moet-zijn-Geef-je-parameters-in-en-ontdek-de-best-mogelijke-nagalm-voor-jouw-project-2-300x300.png 300w, https:\/\/staging.monavisa.be\/wp-content\/uploads\/Zelf-berekenen-hoe-groot-je-akoestisch-spanplafond-of-akoestische-wand-moet-zijn-Geef-je-parameters-in-en-ontdek-de-best-mogelijke-nagalm-voor-jouw-project-2-150x150.png 150w, https:\/\/staging.monavisa.be\/wp-content\/uploads\/Zelf-berekenen-hoe-groot-je-akoestisch-spanplafond-of-akoestische-wand-moet-zijn-Geef-je-parameters-in-en-ontdek-de-best-mogelijke-nagalm-voor-jouw-project-2-768x768.png 768w, https:\/\/staging.monavisa.be\/wp-content\/uploads\/Zelf-berekenen-hoe-groot-je-akoestisch-spanplafond-of-akoestische-wand-moet-zijn-Geef-je-parameters-in-en-ontdek-de-best-mogelijke-nagalm-voor-jouw-project-2.png 1080w\" sizes=\"auto, (max-width: 1024px) 100vw, 1024px\" \/>        <\/figure>\n            <\/div>\n        <div class=\"gc-cwv__second-column\">\n            <h2 class=\"gc-cwv__title h2 gc-cwv__title--small\">\n\t\tApplication acoustique\n\t<\/h2>    <div class=\"gc-cwv__text\">\n        <p>En tant qu&rsquo;entreprise innovante, MonaVisa a investi dans une application acoustique permettant de calculer soi-m\u00eame son temps de r\u00e9verb\u00e9ration. O\u00f9 en est-on actuellement et comment l&rsquo;optimiser&nbsp;? <\/p>\n\n    <\/div>\n            <div class=\"gc-cwv__buttons\">\n                            <a href=\"https:\/\/app.monavisa.be\/login\" class=\"gc-button gc-button--regular\" target=\"_blank\" rel=\"noopener\">\n                    ouvrir l&#039;application\n        \n                    <svg class='gc-button__icon' width=\"12\" height=\"12\" viewBox=\"0 0 12 12\" fill=\"none\" xmlns=\"http:\/\/www.w3.org\/2000\/svg\">\n  <path d=\"M0 0H12V12H11V1H0V0Z\" fill=\"white\"\/>\n  <path d=\"M12 0L6 6L0 12\" stroke=\"white\"\/>\n<\/svg>\n            <\/a>\n                            <\/div>\n                <\/div>\n<\/div>\n<\/section>\n","protected":false},"excerpt":{"rendered":"","protected":false},"author":1,"featured_media":0,"parent":0,"menu_order":0,"comment_status":"closed","ping_status":"closed","template":"","meta":{"_acf_changed":false,"footnotes":""},"class_list":["post-2833","page","type-page","status-publish","hentry"],"acf":[],"_links":{"self":[{"href":"https:\/\/staging.monavisa.be\/fr\/wp-json\/wp\/v2\/pages\/2833","targetHints":{"allow":["GET"]}}],"collection":[{"href":"https:\/\/staging.monavisa.be\/fr\/wp-json\/wp\/v2\/pages"}],"about":[{"href":"https:\/\/staging.monavisa.be\/fr\/wp-json\/wp\/v2\/types\/page"}],"author":[{"embeddable":true,"href":"https:\/\/staging.monavisa.be\/fr\/wp-json\/wp\/v2\/users\/1"}],"replies":[{"embeddable":true,"href":"https:\/\/staging.monavisa.be\/fr\/wp-json\/wp\/v2\/comments?post=2833"}],"version-history":[{"count":6,"href":"https:\/\/staging.monavisa.be\/fr\/wp-json\/wp\/v2\/pages\/2833\/revisions"}],"predecessor-version":[{"id":3303,"href":"https:\/\/staging.monavisa.be\/fr\/wp-json\/wp\/v2\/pages\/2833\/revisions\/3303"}],"wp:attachment":[{"href":"https:\/\/staging.monavisa.be\/fr\/wp-json\/wp\/v2\/media?parent=2833"}],"curies":[{"name":"wp","href":"https:\/\/api.w.org\/{rel}","templated":true}]}}